{"id":264,"date":"2014-01-13T16:18:35","date_gmt":"2014-01-13T15:18:35","guid":{"rendered":"http:\/\/www.kenwi.se\/?page_id=264"},"modified":"2014-01-14T21:15:30","modified_gmt":"2014-01-14T20:15:30","slug":"lasermaskin-finnpower-l6","status":"publish","type":"page","link":"http:\/\/www.kenwi.se\/?page_id=264","title":{"rendered":"Lasermaskin Finnpower L6"},"content":{"rendered":"<p>V\u00e5r nya laser, en Finn-Power L6 ger oss en en m\u00f6jlighet till f\u00f6rb\u00e4ttrad produktion med en \u00f6verl\u00e4gsen hastighet p\u00e5\u00a0 300m\/min.\u00a0Med ett\u00a0arbets omr\u00e5de p\u00e5 3000 x 1500 x 100 mm kan vi sk\u00e4ra med en detaljkvalitet och noggranhet p\u00e5 \u00b1 0.0025 mm.<\/p>\n<p>Maskinen klarar 25 mm normalst\u00e5l, 12 mm rostfritt och 8 mm aluminium.<\/p>\n<p>[slideshow id=4]<\/p>\n<p>[nggallery id=4]<\/p>\n<p>&nbsp;<\/p>\n","protected":false},"excerpt":{"rendered":"<p>V\u00e5r nya laser, en Finn-Power L6 ger oss en en m\u00f6jlighet till f\u00f6rb\u00e4ttrad produktion med en \u00f6verl\u00e4gsen hastighet p\u00e5\u00a0 300m\/min.\u00a0Med ett\u00a0arbets omr\u00e5de p\u00e5 3000 x 1500 x 100 mm kan vi sk\u00e4ra med en detaljkvalitet och noggranhet p\u00e5 \u00b1 0.0025 mm. Maskinen klarar 25 mm normalst\u00e5l, 12 mm rostfritt och 8 mm aluminium. [slideshow id=4] [&hellip;]<\/p>\n","protected":false},"author":3,"featured_media":0,"parent":86,"menu_order":0,"comment_status":"closed","ping_status":"closed","template":"","meta":{"_et_pb_use_builder":"","_et_pb_old_content":"","_et_gb_content_width":"","footnotes":""},"_links":{"self":[{"href":"http:\/\/www.kenwi.se\/index.php?rest_route=\/wp\/v2\/pages\/264"}],"collection":[{"href":"http:\/\/www.kenwi.se\/index.php?rest_route=\/wp\/v2\/pages"}],"about":[{"href":"http:\/\/www.kenwi.se\/index.php?rest_route=\/wp\/v2\/types\/page"}],"author":[{"embeddable":true,"href":"http:\/\/www.kenwi.se\/index.php?rest_route=\/wp\/v2\/users\/3"}],"replies":[{"embeddable":true,"href":"http:\/\/www.kenwi.se\/index.php?rest_route=%2Fwp%2Fv2%2Fcomments&post=264"}],"version-history":[{"count":8,"href":"http:\/\/www.kenwi.se\/index.php?rest_route=\/wp\/v2\/pages\/264\/revisions"}],"predecessor-version":[{"id":290,"href":"http:\/\/www.kenwi.se\/index.php?rest_route=\/wp\/v2\/pages\/264\/revisions\/290"}],"up":[{"embeddable":true,"href":"http:\/\/www.kenwi.se\/index.php?rest_route=\/wp\/v2\/pages\/86"}],"wp:attachment":[{"href":"http:\/\/www.kenwi.se\/index.php?rest_route=%2Fwp%2Fv2%2Fmedia&parent=264"}],"curies":[{"name":"wp","href":"https:\/\/api.w.org\/{rel}","templated":true}]}}